{"id":131,"date":"2025-05-04T18:01:30","date_gmt":"2025-05-04T23:01:30","guid":{"rendered":"https:\/\/juegos.comfasucre.com\/?page_id=131"},"modified":"2025-06-02T21:47:26","modified_gmt":"2025-06-03T02:47:26","slug":"registro-delegado","status":"publish","type":"page","link":"https:\/\/juegos.comfasucre.com\/index.php\/registro-delegado\/","title":{"rendered":"Registro Delegado"},"content":{"rendered":"<table class=\"wp-list-table widefat fixed striped table-view-list posts\">\n<tbody id=\"the-list\">\n<tr id=\"post-120\" class=\"iedit author-self level-0 post-120 type-um_form status-publish hentry\">\n<td class=\"shortcode column-shortcode\" data-colname=\"Shortcode\">\n<div class=\"um um-register um-120\">\n\t<div class=\"um-form\" data-mode=\"register\">\n\t\t<form method=\"post\" action=\"\">\n\t\t\t<div class=\"um-row _um_row_1 \" style=\"margin: 0 0 30px 0;\"><div class=\"um-col-1\"><div  class=\"um-field um-field-block  um-field-block um-field-type_block\" data-key=\"um_block_120_7\">Si desea registrarse como Delegado ingrese la siguiente informaci\u00f3n y complete su registro dando clic en el enlace enviado como mensaje de correo electr\u00f3nico a la direcci\u00f3n de correo electr\u00f3nico registrada una vez cargue toda la informaci\u00f3n solicitada.<\/div><div  class=\"um-field um-field-divider  um-field-divider um-field-type_divider\" data-key=\"um_divider_120_8\" style=\"border-bottom:4px solid #eeeeee;\"><\/div><div  id=\"um_field_120_user_login\" class=\"um-field um-field-text  um-field-user_login um-field-text um-field-type_text\" data-key=\"user_login\"><div class=\"um-field-label\"><label for=\"user_login-120\">Nombre de usuario<span class=\"um-req\" title=\"Obligatorio\">*<\/span><\/label><div class=\"um-clear\"><\/div><\/div><div class=\"um-field-area\"><input  autocomplete=\"off\" class=\"um-form-field valid \" type=\"text\" name=\"user_login-120\" id=\"user_login-120\" value=\"\" placeholder=\"\" data-validate=\"unique_username\" data-key=\"user_login\"  aria-invalid=\"false\" \/>\n\n\t\t\t\t\t\t<\/div><\/div><div  id=\"um_field_120_documento\" class=\"um-field um-field-text  um-field-documento um-field-text um-field-type_text\" data-key=\"documento\"><div class=\"um-field-label\"><label for=\"documento-120\">N\u00famero de Identificaci\u00f3n<span class=\"um-req\" title=\"Obligatorio\">*<\/span><\/label><div class=\"um-clear\"><\/div><\/div><div class=\"um-field-area\"><input  autocomplete=\"off\" class=\"um-form-field valid \" type=\"text\" name=\"documento-120\" id=\"documento-120\" value=\"\" placeholder=\"\" data-validate=\"numeric\" data-key=\"documento\"  aria-invalid=\"false\" \/>\n\n\t\t\t\t\t\t<\/div><\/div><div  id=\"um_field_120_first_name\" class=\"um-field um-field-text  um-field-first_name um-field-text um-field-type_text\" data-key=\"first_name\"><div class=\"um-field-label\"><label for=\"first_name-120\">Nombre<span class=\"um-req\" title=\"Obligatorio\">*<\/span><\/label><div class=\"um-clear\"><\/div><\/div><div class=\"um-field-area\"><input  autocomplete=\"off\" class=\"um-form-field valid \" type=\"text\" name=\"first_name-120\" id=\"first_name-120\" value=\"\" placeholder=\"\" data-validate=\"\" data-key=\"first_name\"  aria-invalid=\"false\" \/>\n\n\t\t\t\t\t\t<\/div><\/div><div  id=\"um_field_120_last_name\" class=\"um-field um-field-text  um-field-last_name um-field-text um-field-type_text\" data-key=\"last_name\"><div class=\"um-field-label\"><label for=\"last_name-120\">Apellidos<span class=\"um-req\" title=\"Obligatorio\">*<\/span><\/label><div class=\"um-clear\"><\/div><\/div><div class=\"um-field-area\"><input  autocomplete=\"off\" class=\"um-form-field valid \" type=\"text\" name=\"last_name-120\" id=\"last_name-120\" value=\"\" placeholder=\"\" data-validate=\"\" data-key=\"last_name\"  aria-invalid=\"false\" \/>\n\n\t\t\t\t\t\t<\/div><\/div><div  id=\"um_field_120_user_email\" class=\"um-field um-field-text  um-field-user_email um-field-text um-field-type_text\" data-key=\"user_email\"><div class=\"um-field-label\"><label for=\"user_email-120\">Direcci\u00f3n de correo electr\u00f3nico<span class=\"um-req\" title=\"Obligatorio\">*<\/span><\/label><div class=\"um-clear\"><\/div><\/div><div class=\"um-field-area\"><input  autocomplete=\"off\" class=\"um-form-field valid \" type=\"text\" name=\"user_email-120\" id=\"user_email-120\" value=\"\" placeholder=\"\" data-validate=\"unique_email\" data-key=\"user_email\"  aria-invalid=\"false\" \/>\n\n\t\t\t\t\t\t<\/div><\/div><div  id=\"um_field_120_birth_date\" class=\"um-field um-field-date  um-field-birth_date um-field-date um-field-type_date\" data-key=\"birth_date\"><div class=\"um-field-label\"><div class=\"um-field-label-icon\"><i class=\"far fa-calendar-days\" aria-label=\"Fecha de nacimiento\"><\/i><\/div><label for=\"birth_date-120\">Fecha de nacimiento<span class=\"um-req\" title=\"Obligatorio\">*<\/span><\/label><div class=\"um-clear\"><\/div><\/div><div class=\"um-field-area\"><input   class=\"um-form-field valid um-datepicker \" type=\"text\" name=\"birth_date-120\" id=\"birth_date-120\" value=\"\" placeholder=\"\" data-validate=\"\" data-key=\"birth_date\" data-range=\"years\" data-years=\"115\" data-years_x=\"past\" data-disabled_weekdays=\"\" data-date_min=\"1911,4,05\" data-date_max=\"2026,4,05\" data-format=\"d mmm yyyy\" data-value=\"\"  aria-invalid=\"false\" \/>\n\n\t\t\t\t\t\t<\/div><\/div><div  id=\"um_field_120_user_password\" class=\"um-field um-field-password  um-field-user_password um-field-password um-field-type_password\" data-key=\"user_password\"><div class=\"um-field-label\"><label for=\"user_password-120\">Contrase\u00f1a<span class=\"um-req\" title=\"Obligatorio\">*<\/span><\/label><div class=\"um-clear\"><\/div><\/div><div class=\"um-field-area\"><input class=\"um-form-field valid \" type=\"password\" name=\"user_password-120\" id=\"user_password-120\" value=\"\" placeholder=\"\" data-validate=\"\" data-key=\"user_password\"  aria-invalid=\"false\" \/>\n\n\t\t\t\t\t\t\t<\/div><\/div><div  id=\"um_field_120_confirm_user_password\" class=\"um-field um-field-password  um-field-user_password um-field-password um-field-type_password\" data-key=\"confirm_user_password\"><div class=\"um-field-label\"><label for=\"confirm_user_password-120\">Confirmar Contrase\u00f1a<span class=\"um-req\" title=\"Obligatorio\">*<\/span><\/label><div class=\"um-clear\"><\/div><\/div><div class=\"um-field-area\"><input class=\"um-form-field valid \" type=\"password\" name=\"confirm_user_password-120\" id=\"confirm_user_password-120\" value=\"\" placeholder=\"Confirmar Contrase\u00f1a\" data-validate=\"\" data-key=\"confirm_user_password\"  aria-invalid=\"false\" \/><\/div><\/div><div  id=\"um_field_120_mobile_number\" class=\"um-field um-field-tel  um-field-mobile_number um-field-tel um-field-type_tel\" data-key=\"mobile_number\"><div class=\"um-field-label\"><div class=\"um-field-label-icon\"><i class=\"fas fa-mobile-screen\" aria-label=\"N\u00famero de celular\"><\/i><\/div><label for=\"mobile_number-120\">N\u00famero de celular<\/label><div class=\"um-clear\"><\/div><\/div><div class=\"um-field-area\"><input  autocomplete=\"off\" class=\"um-form-field valid not-required \" type=\"tel\" name=\"mobile_number-120\" id=\"mobile_number-120\" value=\"\" placeholder=\"\" data-validate=\"phone_number\" data-key=\"mobile_number\"  aria-invalid=\"false\" \/>\n\n\t\t\t\t\t\t<\/div><\/div><div  id=\"um_field_120_Caja_Compensacion\" class=\"um-field um-field-select  um-field-Caja_Compensacion um-field-select um-field-type_select\" data-key=\"Caja_Compensacion\"><div class=\"um-field-label\"><label for=\"Caja_Compensacion-120\">Caja de Compensaci\u00f3n<span class=\"um-req\" title=\"Obligatorio\">*<\/span><\/label><div class=\"um-clear\"><\/div><\/div><div class=\"um-field-area  \"><select data-default=\"\"     name=\"Caja_Compensacion\" id=\"Caja_Compensacion\" data-validate=\"\" data-key=\"Caja_Compensacion\" class=\"um-form-field valid um-s1 \" style=\"width: 100%\" data-placeholder=\"\"   aria-invalid=\"false\" ><option value=\"\"><\/option><option value=\"Asociacion Nacional de Cajas de Compensacion - ASOCAJAS\" >Asociacion Nacional de Cajas de Compensacion - ASOCAJAS<\/option><option value=\"Asociacion de las Cajas de Compensacion Familiar Compensar, Comfenalco Valle y Comfenalco Antioquia\" >Asociacion de las Cajas de Compensacion Familiar Compensar, Comfenalco Valle y Comfenalco Antioquia<\/option><option value=\"CCF COLSUBSIDIO\" >CCF COLSUBSIDIO<\/option><option value=\"Caja Santandereana de Subsidio Familiar CAJASAN\" >Caja Santandereana de Subsidio Familiar CAJASAN<\/option><option value=\"CCF CAFAM\" >CCF CAFAM<\/option><option value=\"CCF CAJACOPI ATLANTICO\" >CCF CAJACOPI ATLANTICO<\/option><option value=\"CCF COFREM\" >CCF COFREM<\/option><option value=\"CCF COMFAMILIAR ATLANTICO\" >CCF COMFAMILIAR ATLANTICO<\/option><option value=\"CCF COMFENALCO ANTIOQUIA\" >CCF COMFENALCO ANTIOQUIA<\/option><option value=\"CCF COMFENALCO SANTANDER\" >CCF COMFENALCO SANTANDER<\/option><option value=\"CCF COMPENSAR\" >CCF COMPENSAR<\/option><option value=\"CCF Camacol COMFAMILIAR CAMACOL\" >CCF Camacol COMFAMILIAR CAMACOL<\/option><option value=\"CCF Campesina COMCAJA\" >CCF Campesina COMCAJA<\/option><option value=\"CCF de Antioquia COMFAMA\" >CCF de Antioquia COMFAMA<\/option><option value=\"CCF de Arauca COMFIAR\" >CCF de Arauca COMFIAR<\/option><option value=\"CCF de Barrancabermeja CAFABA\" >CCF de Barrancabermeja CAFABA<\/option><option value=\"CCF de Barranquilla COMBARRANQUILLA\" >CCF de Barranquilla COMBARRANQUILLA<\/option><option value=\"CCF de Boyaca - COMFABOY\" >CCF de Boyaca - COMFABOY<\/option><option value=\"CCF de Caldas CONFAMILIARES\" >CCF de Caldas CONFAMILIARES<\/option><option value=\"CCF de Cartagena y Bolivar Comfamiliar\" >CCF de Cartagena y Bolivar Comfamiliar<\/option><option value=\"CCF de Cundinamarca - COMFACUNDI\" >CCF de Cundinamarca - COMFACUNDI<\/option><option value=\"CCF de C\u00f3rdoba COMFACOR\" >CCF de C\u00f3rdoba COMFACOR<\/option><option value=\"CCF de Fenalco - Andi COMFENALCO CARTAGENA\" >CCF de Fenalco - Andi COMFENALCO CARTAGENA<\/option><option value=\"CCF de Fenalco COMFENALCO QUINDIO\" >CCF de Fenalco COMFENALCO QUINDIO<\/option><option value=\"CCF de Fenalco del Tolima - COMFENALCO\" >CCF de Fenalco del Tolima - COMFENALCO<\/option><option value=\"CCF de Narino\" >CCF de Narino<\/option><option value=\"CCF de Risaralda- COMFAMILIAR RISARALDA\" >CCF de Risaralda- COMFAMILIAR RISARALDA<\/option><option value=\"CCF de Sucre COMFASUCRE\" >CCF de Sucre COMFASUCRE<\/option><option value=\"CCF de la Guajira - COMFAGUAJIRA\" >CCF de la Guajira - COMFAGUAJIRA<\/option><option value=\"CCF del Amazonas CAFAMAZ\" >CCF del Amazonas CAFAMAZ<\/option><option value=\"CCF del Caqueta - COMFACA\" >CCF del Caqueta - COMFACA<\/option><option value=\"CCF del Casanare - COMFACASANARE\" >CCF del Casanare - COMFACASANARE<\/option><option value=\"CCF del Cauca - COMFACAUCA\" >CCF del Cauca - COMFACAUCA<\/option><option value=\"CCF del Cesar COMFACESAR\" >CCF del Cesar COMFACESAR<\/option><option value=\"CCF del Choco\" >CCF del Choco<\/option><option value=\"CCF del Huila - COMFAMILIAR\" >CCF del Huila - COMFAMILIAR<\/option><option value=\"CCF del Norte de Santander COMFANORTE\" >CCF del Norte de Santander COMFANORTE<\/option><option value=\"CCF del Oriente Colombiano COMFAORIENTE\" >CCF del Oriente Colombiano COMFAORIENTE<\/option><option value=\"CCF del Putumayo - COMFAMILIAR PUTUMAYO\" >CCF del Putumayo - COMFAMILIAR PUTUMAYO<\/option><option value=\"CCF del Tolima COMFATOLIMA\" >CCF del Tolima COMFATOLIMA<\/option><option value=\"CCF del Sur del Tolima CAFASUR\" >CCF del Sur del Tolima CAFASUR<\/option><option value=\"CCF del Valle del Cauca - COMFENALCO VALLE DELAGENTE\" >CCF del Valle del Cauca - COMFENALCO VALLE DELAGENTE<\/option><option value=\"CCF del Valle del Cauca COMFAMILIAR ANDI - COMFANDI\" >CCF del Valle del Cauca COMFAMILIAR ANDI - COMFANDI<\/option><option value=\"CCF de San Andres y Providencia Islas CAJASAI\" >CCF de San Andres y Providencia Islas CAJASAI<\/option><option value=\"Federacion Nacional de Cajas de compensacion familiar - FEDECAJAS\" >Federacion Nacional de Cajas de compensacion familiar - FEDECAJAS<\/option><option value=\"CCF Cajamag\" >CCF Cajamag<\/option><option value=\"Superintendencia de Subsidio Familiar SUPERSUBSIDIO\" >Superintendencia de Subsidio Familiar SUPERSUBSIDIO<\/option><\/select><\/div><\/div><div  id=\"um_field_120_foto\" class=\"um-field um-field-image  um-field-foto um-field-image um-field-type_image\" data-key=\"foto\" data-mode=\"register\" data-upload-label=\"Subir\"><input type=\"hidden\" name=\"foto-120\" id=\"foto-120\" value=\"\"  aria-invalid=\"false\" \/><div class=\"um-field-label\"><label for=\"foto-120\">Foto Actualizada<span class=\"um-req\" title=\"Obligatorio\">*<\/span><\/label><div class=\"um-clear\"><\/div><\/div><div class=\"um-field-area\" style=\"text-align: center;\"><div class=\"um-single-image-preview \" data-crop=\"0\" data-key=\"foto\"><a href=\"javascript:void(0);\" class=\"cancel\"><i class=\"um-icon-close\"><\/i><\/a><img decoding=\"async\" class=\"fusion-lazyload-ignore\" src=\"\" alt=\"\" \/><div class=\"um-clear\"><\/div><\/div><a href=\"javascript:void(0);\" data-modal=\"um_upload_single\" data-modal-size=\"normal\" data-modal-copy=\"1\" class=\"um-button um-btn-auto-width\">Subir<\/a><\/div><div class=\"um-modal-hidden-content\"><div class=\"um-modal-header\"> Foto Actualizada<\/div><div class=\"um-modal-body\"><div class=\"um-single-image-preview \"  data-crop=\"0\" data-ratio=\"1\" data-min_width=\"\" data-min_height=\"\" data-coord=\"\"><a href=\"javascript:void(0);\" class=\"cancel\"><i class=\"um-icon-close\"><\/i><\/a><img decoding=\"async\" class=\"fusion-lazyload-ignore\" src=\"\" alt=\"\" \/><div class=\"um-clear\"><\/div><\/div><div class=\"um-clear\"><\/div><div class=\"um-single-image-upload\" data-user_id=\"\" data-nonce=\"02dd5414ee\" data-timestamp=\"1775429069\"  data-set_id=\"120\" data-set_mode=\"register\" data-type=\"image\" data-key=\"foto\" data-max_size=\"999999999\" data-max_size_error=\"\u00a1Esta imagen es demasiado grande!\" data-min_size_error=\"\u00a1Esta imagen es demasiado peque\u00f1a!\" data-extension_error=\"Disculpa, pero no es una imagen v\u00e1lida.\"  data-allowed_types=\"jpeg,jpg\" data-upload_text=\"Arrastrar y soltar la foto\" data-max_files_error=\"Solo puedes subir una imagen\" data-upload_help_text=\"\">Subir<\/div><div class=\"um-modal-footer\">\n\t\t\t\t\t\t\t\t\t<div class=\"um-modal-right\">\n\t\t\t\t\t\t\t\t\t\t<a href=\"javascript:void(0);\" class=\"um-modal-btn um-finish-upload image disabled\" data-key=\"foto\" data-change=\"Cambiar la foto\" data-processing=\"Procesando...\">Aplicar<\/a>\n\t\t\t\t\t\t\t\t\t\t<a href=\"javascript:void(0);\" class=\"um-modal-btn alt\" data-action=\"um_remove_modal\"> Cancelar<\/a>\n\t\t\t\t\t\t\t\t\t<\/div>\n\t\t\t\t\t\t\t\t\t<div class=\"um-clear\"><\/div>\n\t\t\t\t\t\t\t\t<\/div><\/div><\/div><\/div><div  id=\"um_field_120_documento_identificacion_pdf\" class=\"um-field um-field-file  um-field-documento_identificacion_pdf um-field-file um-field-type_file\" data-key=\"documento_identificacion_pdf\" data-mode=\"register\" data-upload-label=\"Subir\"><input type=\"hidden\" name=\"documento_identificacion_pdf-120\" id=\"documento_identificacion_pdf-120\" value=\"\"  aria-invalid=\"false\" \/><div class=\"um-field-label\"><label for=\"documento_identificacion_pdf-120\">Documento de Identificaci\u00f3n<span class=\"um-req\" title=\"Obligatorio\">*<\/span><\/label><div class=\"um-clear\"><\/div><\/div><div class=\"um-field-area\" style=\"text-align: center;\"><div class=\"um-single-file-preview\" data-key=\"documento_identificacion_pdf\"><\/div><a href=\"#\" data-modal=\"um_upload_single\" data-modal-size=\"normal\" data-modal-copy=\"1\" class=\"um-button um-btn-auto-width\">Subir<\/a><\/div><div class=\"um-modal-hidden-content\"><div class=\"um-modal-header\"> Documento de Identificaci\u00f3n<\/div><div class=\"um-modal-body\"><div class=\"um-single-file-preview\">\n\t\t\t\t\t\t\t\t\t\t<a href=\"javascript:void(0);\" class=\"cancel\"><i class=\"um-icon-close\"><\/i><\/a>\n\t\t\t\t\t\t\t\t\t\t<div class=\"um-single-fileinfo\">\n\t\t\t\t\t\t\t\t\t\t\t<a href=\"\" target=\"_blank\">\n\t\t\t\t\t\t\t\t\t\t\t\t<span class=\"icon\"><i><\/i><\/span>\n\t\t\t\t\t\t\t\t\t\t\t\t<span class=\"filename\"><\/span>\n\t\t\t\t\t\t\t\t\t\t\t<\/a>\n\t\t\t\t\t\t\t\t\t\t<\/div>\n\t\t\t\t\t\t\t\t<\/div><div class=\"um-single-file-upload\" data-user_id=\"\" data-timestamp=\"1775429069\" data-nonce=\"02dd5414ee\"  data-set_id=\"120\" data-set_mode=\"register\" data-type=\"file\" data-key=\"documento_identificacion_pdf\" data-max_size=\"999999999\" data-max_size_error=\"\u00a1Archivo demasiado grande!\" data-min_size_error=\"\u00a1Archivo demasiado peque\u00f1o!\" data-extension_error=\"Lo sentimos, este no es un archivo v\u00e1lido.\"  data-allowed_types=\"pdf\" data-upload_text=\"Arrastrar y soltar el archivo\" data-max_files_error=\"Solo puede subir un archivo\" data-upload_help_text=\"\">Subir<\/div><div class=\"um-modal-footer\">\n\t\t\t\t\t\t\t\t\t<div class=\"um-modal-right\">\n\t\t\t\t\t\t\t\t\t\t<a href=\"javascript:void(0);\" class=\"um-modal-btn um-finish-upload file disabled\" data-key=\"documento_identificacion_pdf\" data-change=\"Cambiar el archivo\" data-processing=\"Procesando...\"> Guardar<\/a>\n\t\t\t\t\t\t\t\t\t\t<a href=\"javascript:void(0);\" class=\"um-modal-btn alt\" data-action=\"um_remove_modal\"> Cancelar<\/a>\n\t\t\t\t\t\t\t\t\t<\/div>\n\t\t\t\t\t\t\t\t\t<div class=\"um-clear\"><\/div>\n\t\t\t\t\t\t\t\t<\/div><\/div><\/div><\/div><div  class=\"um-field um-field-divider  um-field-divider um-field-type_divider\" data-key=\"um_divider_120_15\" style=\"border-bottom:4px solid #eeeeee;\"><\/div><\/div><\/div>\n<!-- This file should primarily consist of HTML with a little bit of PHP. -->\n<div class=\"um-field um-field-type_terms_conditions\" data-key=\"use_terms_conditions_agreement\" style=\"display:block;padding:0;\">\n\t<div class=\"um-field-area\">\n\t\t<div class=\"um-gdpr-content\" style=\"display:none;\">\n\t\t\t<p>Para ver el documento completo de las pol\u00edticas de privacidad y condiciones de uso dar clic <a href=\"https:\/\/www.comfasucre.com.co\/wp-content\/uploads\/2022\/06\/MA-ST-ST-01_MANUALPOLITICASSEGURIDADDELAINFORMACION.pdf\" target=\"_blank\" rel=\"noopener\">aqu\u00ed<\/a>,<\/p>\n\t\t<\/div>\n\t\t<a href=\"javascript:void(0);\" class=\"um-toggle-gdpr\" data-toggle-state=\"hidden\"\n\t\t\tdata-toggle-show=\"Mostrar la pol\u00edtica de privacidad\"\n\t\t\tdata-toggle-hide=\"Ocultar la pol\u00edtica de privacidad\">\n\t\t\tMostrar la pol\u00edtica de privacidad\t\t<\/a>\n\t<\/div>\n\t<div class=\"um-field-area\">\n\t\t<label class=\"um-field-checkbox\">\n\t\t\t<input type=\"checkbox\" name=\"use_gdpr_agreement\" value=\"1\">\n\t\t\t<span class=\"um-field-checkbox-state\"><i class=\"um-icon-android-checkbox-outline-blank\"><\/i><\/span>\n\t\t\t<span class=\"um-field-checkbox-option\">Por favor, confirma que est\u00e1s de acuerdo con nuestra pol\u00edtica de privacidad y condiciones de uso<\/span>\n\t\t<\/label>\n\t\t<div class=\"um-clear\"><\/div>\n\t\t\t\t<div class=\"um-clear\"><\/div>\n\t<\/div>\n<\/div>\n\t<input type=\"hidden\" name=\"form_id\" id=\"form_id_120\" value=\"120\" \/>\n\t\t<p class=\"um_request_name\">\n\t\t<label for=\"um_request_120\">Only fill in if you are not human<\/label>\n\t\t<input type=\"hidden\" name=\"um_request\" id=\"um_request_120\" class=\"input\" value=\"\" size=\"25\" autocomplete=\"off\" \/>\n\t<\/p>\n\t<input type=\"hidden\" id=\"_wpnonce\" name=\"_wpnonce\" value=\"d3a011dd72\" \/><input type=\"hidden\" name=\"_wp_http_referer\" value=\"\/index.php\/wp-json\/wp\/v2\/pages\/131\" \/>\n\t<div class=\"um-col-alt\">\n\n\t\t\n\t\t\t<div class=\"um-center\">\n\t\t\t\t<input type=\"submit\" value=\"Registrar Delegado\" class=\"um-button\" id=\"um-submit-btn\" \/>\n\t\t\t<\/div>\n\n\t\t\n\t\t<div class=\"um-clear\"><\/div>\n\n\t<\/div>\n\n\t\t\t<\/form>\n\t<\/div>\n<\/div>\n<style>\n\t\t\t.um-120.um {\n\t\t\tmax-width: 600px;\n\t\t}\n\t\t<\/style>\n<\/td>\n<\/tr>\n<\/tbody>\n<\/table>\n","protected":false},"excerpt":{"rendered":"","protected":false},"author":2,"featured_media":0,"parent":0,"menu_order":0,"comment_status":"closed","ping_status":"closed","template":"","meta":{"footnotes":""},"class_list":["post-131","page","type-page","status-publish","hentry"],"_links":{"self":[{"href":"https:\/\/juegos.comfasucre.com\/index.php\/wp-json\/wp\/v2\/pages\/131","targetHints":{"allow":["GET"]}}],"collection":[{"href":"https:\/\/juegos.comfasucre.com\/index.php\/wp-json\/wp\/v2\/pages"}],"about":[{"href":"https:\/\/juegos.comfasucre.com\/index.php\/wp-json\/wp\/v2\/types\/page"}],"author":[{"embeddable":true,"href":"https:\/\/juegos.comfasucre.com\/index.php\/wp-json\/wp\/v2\/users\/2"}],"replies":[{"embeddable":true,"href":"https:\/\/juegos.comfasucre.com\/index.php\/wp-json\/wp\/v2\/comments?post=131"}],"version-history":[{"count":2,"href":"https:\/\/juegos.comfasucre.com\/index.php\/wp-json\/wp\/v2\/pages\/131\/revisions"}],"predecessor-version":[{"id":221,"href":"https:\/\/juegos.comfasucre.com\/index.php\/wp-json\/wp\/v2\/pages\/131\/revisions\/221"}],"wp:attachment":[{"href":"https:\/\/juegos.comfasucre.com\/index.php\/wp-json\/wp\/v2\/media?parent=131"}],"curies":[{"name":"wp","href":"https:\/\/api.w.org\/{rel}","templated":true}]}}