{"id":146,"date":"2025-05-16T15:55:41","date_gmt":"2025-05-16T20:55:41","guid":{"rendered":"https:\/\/juegos.comfasucre.com\/?page_id=146"},"modified":"2025-08-16T08:35:18","modified_gmt":"2025-08-16T13:35:18","slug":"tabla-de-posiciones","status":"publish","type":"page","link":"https:\/\/juegos.comfasucre.com\/index.php\/tabla-de-posiciones\/","title":{"rendered":"TABLA DE POSICIONES"},"content":{"rendered":"<div class=\"botones-deportes\">\n  <a href=\"https:\/\/juegos.comfasucre.com\/index.php\/aerobicos\/\" target=\"_blank\">AER\u00d3BICOS<\/a><br \/>\n  <a href=\"https:\/\/juegos.comfasucre.com\/index.php\/ajedrez\/\" target=\"_blank\">AJEDREZ<\/a><br \/>\n  <a href=\"https:\/\/juegos.comfasucre.com\/index.php\/atletismo\/\" target=\"_blank\">ATLETISMO<\/a><br \/>\n  <a href=\"https:\/\/juegos.comfasucre.com\/index.php\/baloncesto-femenino\/\" target=\"_blank\">BALONCESTO FEMENINO<\/a><br \/>\n  <a href=\"https:\/\/juegos.comfasucre.com\/index.php\/baloncesto\/\" target=\"_blank\">BALONCESTO MASCULINO<\/a><br \/>\n  <a href=\"https:\/\/juegos.comfasucre.com\/index.php\/billar\/\" target=\"_blank\">BILLAR<\/a><br \/>\n  <a href=\"https:\/\/juegos.comfasucre.com\/index.php\/bolos\/\" target=\"_blank\">BOLOS<\/a><br \/>\n  <a href=\"https:\/\/juegos.comfasucre.com\/index.php\/ciclomontanismo\/\" target=\"_blank\">CICLOMONTA\u00d1ISMO<\/a><br \/>\n  <a href=\"https:\/\/juegos.comfasucre.com\/index.php\/domino\/\" target=\"_blank\">DOMIN\u00d3<\/a><br \/>\n  <a href=\"https:\/\/juegos.comfasucre.com\/index.php\/futbol-11\/\" target=\"_blank\">F\u00daTBOL 11 MASCULINO<\/a><br \/>\n  <a href=\"https:\/\/juegos.comfasucre.com\/index.php\/futbol-8-masculino\/\" target=\"_blank\">F\u00daTBOL 8 MASCULINO<\/a><br \/>\n  <a href=\"https:\/\/juegos.comfasucre.com\/index.php\/futbol-de-salon-femenino\/\" target=\"_blank\">F\u00daTBOL DE SAL\u00d3N FEMENINO<\/a><br \/>\n  <a href=\"https:\/\/juegos.comfasucre.com\/index.php\/futbol-de-salon-masculino\/\" target=\"_blank\">F\u00daTBOL DE SAL\u00d3N MASCULINO<\/a><br \/>\n  <a href=\"https:\/\/juegos.comfasucre.com\/index.php\/golf\/\" target=\"_blank\">GOLF<\/a><br \/>\n  <a href=\"https:\/\/juegos.comfasucre.com\/index.php\/minitejo-femenino\/\" target=\"_blank\">MINITEJO FEMENINO<\/a><br \/>\n  <a href=\"https:\/\/juegos.comfasucre.com\/index.php\/minitejo-masculino\/\" target=\"_blank\">MINITEJO MASCULINO<\/a><br \/>\n  <a href=\"https:\/\/juegos.comfasucre.com\/index.php\/natacion\/\" target=\"_blank\">NATACI\u00d3N<\/a><br \/>\n  <a href=\"https:\/\/juegos.comfasucre.com\/index.php\/parques\/\" target=\"_blank\">PARQUES<\/a><br \/>\n  <a href=\"https:\/\/juegos.comfasucre.com\/index.php\/rana\/\" target=\"_blank\">RANA<\/a><br \/>\n  <a href=\"https:\/\/juegos.comfasucre.com\/index.php\/spinning\/\" target=\"_blank\">SPINNING<\/a><br \/>\n  <a href=\"https:\/\/juegos.comfasucre.com\/index.php\/tejo-masculino\/\" target=\"_blank\">TEJO MASCULINO<\/a><br \/>\n  <a href=\"https:\/\/juegos.comfasucre.com\/index.php\/tenis-de-campo\/\" target=\"_blank\">TENIS DE CAMPO<\/a><br \/>\n  <a href=\"https:\/\/juegos.comfasucre.com\/index.php\/tenis-de-mesa\/\" target=\"_blank\">TENIS DE MESA<\/a><br \/>\n  <a href=\"https:\/\/juegos.comfasucre.com\/index.php\/voleibol-mixto\/\" target=\"_blank\">VOLEIBOL MIXTO<\/a><br \/>\n  <a href=\"https:\/\/juegos.comfasucre.com\/index.php\/voleibol-arena\/\" target=\"_blank\">VOLEIBOL ARENA<\/a>\n<\/div>\n<style>\n.botones-deportes {\n  display: grid;\n  grid-template-columns: repeat(auto-fit, minmax(220px, 1fr));\n  gap: 15px;\n  max-width: 900px;\n  margin: 0 auto;\n}\n.botones-deportes a {\n  background-color: #0358ad;\n  color: #fff;\n  text-align: center;\n  padding: 14px 20px;\n  border-radius: 8px;\n  font-weight: bold;\n  text-decoration: none;\n  transition: all 0.3s ease;\n  display: block;\n}\n.botones-deportes a:hover {\n  background-color: #023d79;\n  transform: scale(1.05);\n}\n<\/style>\n","protected":false},"excerpt":{"rendered":"<p>AER\u00d3BICOS AJEDREZ ATLETISMO BALONCESTO FEMENINO BALONCESTO MASCULINO BILLAR BOLOS CICLOMONTA\u00d1ISMO DOMIN\u00d3 F\u00daTBOL 11 MASCULINO F\u00daTBOL 8 MASCULINO F\u00daTBOL DE SAL\u00d3N FEMENINO F\u00daTBOL DE SAL\u00d3N MASCULINO GOLF MINITEJO FEMENINO MINITEJO MASCULINO NATACI\u00d3N PARQUES RANA SPINNING TEJO MASCULINO TENIS DE CAMPO TENIS DE MESA VOLEIBOL MIXTO VOLEIBOL ARENA<\/p>\n","protected":false},"author":2,"featured_media":0,"parent":0,"menu_order":0,"comment_status":"closed","ping_status":"closed","template":"","meta":{"footnotes":""},"class_list":["post-146","page","type-page","status-publish","hentry"],"_links":{"self":[{"href":"https:\/\/juegos.comfasucre.com\/index.php\/wp-json\/wp\/v2\/pages\/146","targetHints":{"allow":["GET"]}}],"collection":[{"href":"https:\/\/juegos.comfasucre.com\/index.php\/wp-json\/wp\/v2\/pages"}],"about":[{"href":"https:\/\/juegos.comfasucre.com\/index.php\/wp-json\/wp\/v2\/types\/page"}],"author":[{"embeddable":true,"href":"https:\/\/juegos.comfasucre.com\/index.php\/wp-json\/wp\/v2\/users\/2"}],"replies":[{"embeddable":true,"href":"https:\/\/juegos.comfasucre.com\/index.php\/wp-json\/wp\/v2\/comments?post=146"}],"version-history":[{"count":3,"href":"https:\/\/juegos.comfasucre.com\/index.php\/wp-json\/wp\/v2\/pages\/146\/revisions"}],"predecessor-version":[{"id":1916,"href":"https:\/\/juegos.comfasucre.com\/index.php\/wp-json\/wp\/v2\/pages\/146\/revisions\/1916"}],"wp:attachment":[{"href":"https:\/\/juegos.comfasucre.com\/index.php\/wp-json\/wp\/v2\/media?parent=146"}],"curies":[{"name":"wp","href":"https:\/\/api.w.org\/{rel}","templated":true}]}}