{"id":34,"date":"2025-04-10T07:15:55","date_gmt":"2025-04-10T12:15:55","guid":{"rendered":"https:\/\/juegos.comfasucre.com\/?page_id=34"},"modified":"2025-08-12T09:12:44","modified_gmt":"2025-08-12T14:12:44","slug":"inicio","status":"publish","type":"page","link":"https:\/\/juegos.comfasucre.com\/","title":{"rendered":"Inicio"},"content":{"rendered":"<p data-start=\"162\" data-end=\"257\"><a href=\"https:\/\/juegos.comfasucre.com\/wp-content\/uploads\/2025\/08\/AGENDA-DEPORTIVA-JUEGOS-INTERCAJAS-2025.pdf\"><img loading=\"lazy\" decoding=\"async\" class=\"aligncenter wp-image-841 size-full\" src=\"https:\/\/juegos.comfasucre.com\/wp-content\/uploads\/2025\/08\/AGENDA-DEPORTIVA-juegos-intercajas-2025-comfasucre-scaled.png\" alt=\"\" width=\"2560\" height=\"400\" srcset=\"https:\/\/juegos.comfasucre.com\/wp-content\/uploads\/2025\/08\/AGENDA-DEPORTIVA-juegos-intercajas-2025-comfasucre-scaled.png 2560w, https:\/\/juegos.comfasucre.com\/wp-content\/uploads\/2025\/08\/AGENDA-DEPORTIVA-juegos-intercajas-2025-comfasucre-300x47.png 300w, https:\/\/juegos.comfasucre.com\/wp-content\/uploads\/2025\/08\/AGENDA-DEPORTIVA-juegos-intercajas-2025-comfasucre-1024x160.png 1024w, https:\/\/juegos.comfasucre.com\/wp-content\/uploads\/2025\/08\/AGENDA-DEPORTIVA-juegos-intercajas-2025-comfasucre-768x120.png 768w, https:\/\/juegos.comfasucre.com\/wp-content\/uploads\/2025\/08\/AGENDA-DEPORTIVA-juegos-intercajas-2025-comfasucre-1536x240.png 1536w, https:\/\/juegos.comfasucre.com\/wp-content\/uploads\/2025\/08\/AGENDA-DEPORTIVA-juegos-intercajas-2025-comfasucre-2048x320.png 2048w, https:\/\/juegos.comfasucre.com\/wp-content\/uploads\/2025\/08\/AGENDA-DEPORTIVA-juegos-intercajas-2025-comfasucre-128x20.png 128w, https:\/\/juegos.comfasucre.com\/wp-content\/uploads\/2025\/08\/AGENDA-DEPORTIVA-juegos-intercajas-2025-comfasucre-32x5.png 32w\" sizes=\"auto, (max-width: 2560px) 100vw, 2560px\" \/><\/a><\/p>\n<p class=\"\" style=\"text-align: center;\" data-start=\"162\" data-end=\"257\"><strong data-start=\"162\" data-end=\"257\">\u00a1Bienvenidos a los XXIII Juegos Nacionales Intercajas de la Confraternidad COMFASUCRE 2025!<\/strong><\/p>\n<p class=\"\" style=\"text-align: justify;\" data-start=\"259\" data-end=\"437\">Es un honor para nosotros dar la m\u00e1s cordial bienvenida a cada uno de los participantes, delegaciones, organizadores y acompa\u00f1antes que hacen parte de esta gran fiesta deportiva.<\/p>\n<p class=\"\" style=\"text-align: justify;\" data-start=\"439\" data-end=\"704\">Los Juegos Nacionales Intercajas representan mucho m\u00e1s que una competencia: son un espacio de integraci\u00f3n, alegr\u00eda y compa\u00f1erismo, donde se fortalecen los lazos entre las Cajas de Compensaci\u00f3n del pa\u00eds y se celebra el esp\u00edritu de equipo, el respeto y la dedicaci\u00f3n.<\/p>\n<p class=\"\" style=\"text-align: justify;\" data-start=\"706\" data-end=\"965\">En COMFASUCRE nos sentimos orgullosos de ser anfitriones de esta edici\u00f3n n\u00famero 23, y nos comprometemos a brindarles una experiencia inolvidable, llena de emoci\u00f3n, cultura y fraternidad. Que estos juegos sean motivo de inspiraci\u00f3n, esfuerzo colectivo y uni\u00f3n.<\/p>\n<p class=\"\" style=\"text-align: justify;\" data-start=\"706\" data-end=\"965\">En esta edici\u00f3n n\u00famero XXIII de los Juegos Nacionales Intercajas de la Confraternidad COMFASUCRE 2025, el deporte se vive con pasi\u00f3n, compromiso y excelencia.<\/p>\n<p class=\"\" style=\"text-align: justify;\" data-start=\"368\" data-end=\"614\">Nos llena de orgullo presentarles los escenarios deportivos que ser\u00e1n el coraz\u00f3n de esta gran celebraci\u00f3n. Espacios cuidadosamente preparados para recibir a nuestros atletas con todas las condiciones necesarias para una competencia de alto nivel.<\/p>\n<p class=\"\" style=\"text-align: justify;\" data-start=\"616\" data-end=\"797\">Cada escenario ha sido seleccionado y acondicionado pensando en brindar comodidad, seguridad y una experiencia inolvidable tanto para los deportistas como para el p\u00fablico asistente.<\/p>\n<p class=\"\" style=\"text-align: justify;\" data-start=\"799\" data-end=\"982\">Acomp\u00e1\u00f1ennos en este recorrido por los lugares donde se escribir\u00e1n nuevas historias de esfuerzo, talento y confraternidad. \u00a1Bienvenidos a los escenarios deportivos de COMFASUCRE 2025!<\/p>\n<p style=\"text-align: center;\" data-start=\"967\" data-end=\"1080\"><span class=\"Y2IQFc\" lang=\"es\"><iframe loading=\"lazy\"  id=\"_ytid_95777\"  width=\"620\" height=\"348\"  data-origwidth=\"620\" data-origheight=\"348\" src=\"https:\/\/www.youtube.com\/embed\/wLLBnSIiSTY?enablejsapi=1&autoplay=0&cc_load_policy=0&cc_lang_pref=&iv_load_policy=1&loop=0&modestbranding=0&rel=1&fs=1&playsinline=0&autohide=2&theme=dark&color=red&controls=1&\" class=\"__youtube_prefs__  no-lazyload\" title=\"YouTube player\"  allow=\"fullscreen; accelerometer; autoplay; clipboard-write; encrypted-media; gyroscope; picture-in-picture\" allowfullscreen data-no-lazy=\"1\" data-skipgform_ajax_framebjll=\"\"><\/iframe><\/span><\/p>\n<p class=\"\" style=\"text-align: left;\" data-start=\"967\" data-end=\"1080\">\u00a1Que gane el juego limpio, la amistad y el entusiasmo que nos une como familia!<br data-start=\"1046\" data-end=\"1049\" \/><strong>\u00a1Bienvenidos a COMFASUCRE 2025!<\/strong><\/p>\n","protected":false},"excerpt":{"rendered":"<p>\u00a1Bienvenidos a los XXIII Juegos Nacionales Intercajas de la Confraternidad COMFASUCRE 2025! Es un honor para nosotros dar la m\u00e1s cordial bienvenida a cada uno de los participantes, delegaciones, organizadores y acompa\u00f1antes que hacen parte de esta gran fiesta deportiva. Los Juegos Nacionales Intercajas representan mucho m\u00e1s que una competencia: son un espacio de integraci\u00f3n, [&hellip;]<\/p>\n","protected":false},"author":2,"featured_media":0,"parent":0,"menu_order":0,"comment_status":"closed","ping_status":"closed","template":"template-homepage.php","meta":{"footnotes":""},"class_list":["post-34","page","type-page","status-publish","hentry"],"_links":{"self":[{"href":"https:\/\/juegos.comfasucre.com\/index.php\/wp-json\/wp\/v2\/pages\/34","targetHints":{"allow":["GET"]}}],"collection":[{"href":"https:\/\/juegos.comfasucre.com\/index.php\/wp-json\/wp\/v2\/pages"}],"about":[{"href":"https:\/\/juegos.comfasucre.com\/index.php\/wp-json\/wp\/v2\/types\/page"}],"author":[{"embeddable":true,"href":"https:\/\/juegos.comfasucre.com\/index.php\/wp-json\/wp\/v2\/users\/2"}],"replies":[{"embeddable":true,"href":"https:\/\/juegos.comfasucre.com\/index.php\/wp-json\/wp\/v2\/comments?post=34"}],"version-history":[{"count":13,"href":"https:\/\/juegos.comfasucre.com\/index.php\/wp-json\/wp\/v2\/pages\/34\/revisions"}],"predecessor-version":[{"id":848,"href":"https:\/\/juegos.comfasucre.com\/index.php\/wp-json\/wp\/v2\/pages\/34\/revisions\/848"}],"wp:attachment":[{"href":"https:\/\/juegos.comfasucre.com\/index.php\/wp-json\/wp\/v2\/media?parent=34"}],"curies":[{"name":"wp","href":"https:\/\/api.w.org\/{rel}","templated":true}]}}