{"id":436,"date":"2025-07-31T17:42:21","date_gmt":"2025-07-31T22:42:21","guid":{"rendered":"https:\/\/juegos.comfasucre.com\/?page_id=436"},"modified":"2025-08-17T15:03:15","modified_gmt":"2025-08-17T20:03:15","slug":"tejo-masculino","status":"publish","type":"page","link":"https:\/\/juegos.comfasucre.com\/index.php\/tejo-masculino\/","title":{"rendered":"TEJO MASCULINO"},"content":{"rendered":"<table width=\"632\">\n<tbody>\n<tr>\n<td style=\"background: #7fc90d;\" colspan=\"3\" width=\"632\"><strong>FINAL TEJO MASCULINO<\/strong><\/td>\n<\/tr>\n<tr>\n<td style=\"background: #0358ad; color: white;\"><strong>PUESTO<\/strong><\/td>\n<td style=\"background: #0358ad; color: white;\"><strong>CAJA DE COMPENSACION\u00a0<\/strong><\/td>\n<\/tr>\n<tr>\n<td><strong>1<\/strong><\/td>\n<td>CAJASAN<\/td>\n<\/tr>\n<tr>\n<td><strong>2<\/strong><\/td>\n<td>COMFATOLIMA<\/td>\n<\/tr>\n<tr>\n<td><strong>3<\/strong><\/td>\n<td>COFREM<\/td>\n<\/tr>\n<\/tbody>\n<\/table>\n<table width=\"632\">\n<tbody>\n<tr>\n<td style=\"background: #7fc90d;\" colspan=\"3\" width=\"632\"><strong>FINAL INDIVIDUALES TEJO MASCULINO<\/strong><\/td>\n<\/tr>\n<tr>\n<td style=\"background: #0358ad; color: white;\"><strong>PUESTO<\/strong><\/td>\n<td style=\"background: #0358ad; color: white;\"><strong>NOMBRE<\/strong><\/td>\n<td style=\"background: #0358ad; color: white;\"><strong>CAJA DE COMPENSACION\u00a0<\/strong><\/td>\n<\/tr>\n<tr>\n<td><strong>CAMPE\u00d3N MANOS<\/strong><\/td>\n<td>&nbsp;<\/td>\n<td>&nbsp;<\/td>\n<\/tr>\n<tr>\n<td><strong>CAMPE\u00d3N MECHAS<\/strong><\/td>\n<td>FRANCISCO OSPINO<\/td>\n<td>COMFACOR<\/td>\n<\/tr>\n<tr>\n<td><strong>CAMPE\u00d3N BOCIN<\/strong><\/td>\n<td>LIBARDO LUNA<\/p>\n<p>WILLINTON CEPEDA<\/td>\n<td>COMFACOR<\/p>\n<p>COFREM<\/td>\n<\/tr>\n<tr>\n<td><strong>CAMPE\u00d3N MO\u00d1ONA<\/strong><\/td>\n<td>WILSON RUBIO<\/td>\n<td>COMFATOLIMA<\/td>\n<\/tr>\n<tr>\n<td><strong>CAMPE\u00d3N PUNTOS<\/strong><\/td>\n<td><\/td>\n<td><\/td>\n<\/tr>\n<\/tbody>\n<\/table>\n","protected":false},"excerpt":{"rendered":"<p>FINAL TEJO MASCULINO PUESTO CAJA DE COMPENSACION\u00a0 1 CAJASAN 2 COMFATOLIMA 3 COFREM FINAL INDIVIDUALES TEJO MASCULINO PUESTO NOMBRE CAJA DE COMPENSACION\u00a0 CAMPE\u00d3N MANOS &nbsp; &nbsp; CAMPE\u00d3N MECHAS FRANCISCO OSPINO COMFACOR CAMPE\u00d3N BOCIN LIBARDO LUNA WILLINTON CEPEDA COMFACOR COFREM CAMPE\u00d3N MO\u00d1ONA WILSON RUBIO COMFATOLIMA CAMPE\u00d3N PUNTOS<\/p>\n","protected":false},"author":2,"featured_media":0,"parent":0,"menu_order":0,"comment_status":"closed","ping_status":"closed","template":"","meta":{"footnotes":""},"class_list":["post-436","page","type-page","status-publish","hentry"],"_links":{"self":[{"href":"https:\/\/juegos.comfasucre.com\/index.php\/wp-json\/wp\/v2\/pages\/436","targetHints":{"allow":["GET"]}}],"collection":[{"href":"https:\/\/juegos.comfasucre.com\/index.php\/wp-json\/wp\/v2\/pages"}],"about":[{"href":"https:\/\/juegos.comfasucre.com\/index.php\/wp-json\/wp\/v2\/types\/page"}],"author":[{"embeddable":true,"href":"https:\/\/juegos.comfasucre.com\/index.php\/wp-json\/wp\/v2\/users\/2"}],"replies":[{"embeddable":true,"href":"https:\/\/juegos.comfasucre.com\/index.php\/wp-json\/wp\/v2\/comments?post=436"}],"version-history":[{"count":4,"href":"https:\/\/juegos.comfasucre.com\/index.php\/wp-json\/wp\/v2\/pages\/436\/revisions"}],"predecessor-version":[{"id":1982,"href":"https:\/\/juegos.comfasucre.com\/index.php\/wp-json\/wp\/v2\/pages\/436\/revisions\/1982"}],"wp:attachment":[{"href":"https:\/\/juegos.comfasucre.com\/index.php\/wp-json\/wp\/v2\/media?parent=436"}],"curies":[{"name":"wp","href":"https:\/\/api.w.org\/{rel}","templated":true}]}}