{"id":438,"date":"2025-07-31T17:42:54","date_gmt":"2025-07-31T22:42:54","guid":{"rendered":"https:\/\/juegos.comfasucre.com\/?page_id=438"},"modified":"2025-08-16T15:44:10","modified_gmt":"2025-08-16T20:44:10","slug":"minitejo-masculino","status":"publish","type":"page","link":"https:\/\/juegos.comfasucre.com\/index.php\/minitejo-masculino\/","title":{"rendered":"MINITEJO MASCULINO"},"content":{"rendered":"<table width=\"632\">\n<tbody>\n<tr>\n<td style=\"background: #7fc90d;\" colspan=\"3\" width=\"632\"><strong>FINAL MINI TEJO MASCULINO<\/strong><\/td>\n<\/tr>\n<tr>\n<td style=\"background: #0358ad; color: white;\"><strong>PUESTO<\/strong><\/td>\n<td style=\"background: #0358ad; color: white;\"><strong>CAJA DE COMPENSACION\u00a0<\/strong><\/td>\n<\/tr>\n<tr>\n<td><strong>1<\/strong><\/td>\n<td>COMFACA<\/td>\n<\/tr>\n<tr>\n<td><strong>2<\/strong><\/td>\n<td>CONFAORIENTE<\/td>\n<\/tr>\n<tr>\n<td><strong>3<\/strong><\/td>\n<td>COMFENALCO QUINDIO<\/td>\n<\/tr>\n<\/tbody>\n<\/table>\n<table width=\"632\">\n<tbody>\n<tr>\n<td style=\"background: #7fc90d;\" colspan=\"3\" width=\"632\"><strong>FINAL INDIVIDUALES MINI TEJO MASCULINO<\/strong><\/td>\n<\/tr>\n<tr>\n<td style=\"background: #0358ad; color: white;\"><strong>PUESTO<\/strong><\/td>\n<td style=\"background: #0358ad; color: white;\"><strong>NOMBRE<\/strong><\/td>\n<td style=\"background: #0358ad; color: white;\"><strong>CAJA DE COMPENSACION\u00a0<\/strong><\/td>\n<\/tr>\n<tr>\n<td><strong>CAMPE\u00d3N MANOS<\/strong><\/td>\n<td>FABER SABEDRA<\/td>\n<td>COMFENALCO QUINDIO<\/td>\n<\/tr>\n<tr>\n<td><strong>CAMPE\u00d3N MECHAS<\/strong><\/td>\n<td>GUSTAVO DIAZ<\/td>\n<td>COMFENALCO QUINDIO<\/td>\n<\/tr>\n<tr>\n<td><strong>CAMPE\u00d3N BOCIN<\/strong><\/td>\n<td>REINEL BETANCUR<\/td>\n<td>COMFENALCO QUINDIO<\/td>\n<\/tr>\n<tr>\n<td><strong>CAMPE\u00d3N MO\u00d1ONA<\/strong><\/td>\n<td>REINEL BETANCUR<\/td>\n<td>COMFENALCO QUINDIO<\/td>\n<\/tr>\n<tr>\n<td><strong>CAMPE\u00d3N PUNTOS<\/strong><\/td>\n<td>REINEL BETANCUR<\/td>\n<td>COMFENALCO QUINDIO<\/td>\n<\/tr>\n<\/tbody>\n<\/table>\n","protected":false},"excerpt":{"rendered":"<p>FINAL MINI TEJO MASCULINO PUESTO CAJA DE COMPENSACION\u00a0 1 COMFACA 2 CONFAORIENTE 3 COMFENALCO QUINDIO FINAL INDIVIDUALES MINI TEJO MASCULINO PUESTO NOMBRE CAJA DE COMPENSACION\u00a0 CAMPE\u00d3N MANOS FABER SABEDRA COMFENALCO QUINDIO CAMPE\u00d3N MECHAS GUSTAVO DIAZ COMFENALCO QUINDIO CAMPE\u00d3N BOCIN REINEL BETANCUR COMFENALCO QUINDIO CAMPE\u00d3N MO\u00d1ONA REINEL BETANCUR COMFENALCO QUINDIO CAMPE\u00d3N PUNTOS REINEL BETANCUR COMFENALCO QUINDIO<\/p>\n","protected":false},"author":2,"featured_media":0,"parent":0,"menu_order":0,"comment_status":"closed","ping_status":"closed","template":"","meta":{"footnotes":""},"class_list":["post-438","page","type-page","status-publish","hentry"],"_links":{"self":[{"href":"https:\/\/juegos.comfasucre.com\/index.php\/wp-json\/wp\/v2\/pages\/438","targetHints":{"allow":["GET"]}}],"collection":[{"href":"https:\/\/juegos.comfasucre.com\/index.php\/wp-json\/wp\/v2\/pages"}],"about":[{"href":"https:\/\/juegos.comfasucre.com\/index.php\/wp-json\/wp\/v2\/types\/page"}],"author":[{"embeddable":true,"href":"https:\/\/juegos.comfasucre.com\/index.php\/wp-json\/wp\/v2\/users\/2"}],"replies":[{"embeddable":true,"href":"https:\/\/juegos.comfasucre.com\/index.php\/wp-json\/wp\/v2\/comments?post=438"}],"version-history":[{"count":7,"href":"https:\/\/juegos.comfasucre.com\/index.php\/wp-json\/wp\/v2\/pages\/438\/revisions"}],"predecessor-version":[{"id":1934,"href":"https:\/\/juegos.comfasucre.com\/index.php\/wp-json\/wp\/v2\/pages\/438\/revisions\/1934"}],"wp:attachment":[{"href":"https:\/\/juegos.comfasucre.com\/index.php\/wp-json\/wp\/v2\/media?parent=438"}],"curies":[{"name":"wp","href":"https:\/\/api.w.org\/{rel}","templated":true}]}}