{"id":440,"date":"2025-07-31T17:43:11","date_gmt":"2025-07-31T22:43:11","guid":{"rendered":"https:\/\/juegos.comfasucre.com\/?page_id=440"},"modified":"2025-08-20T17:11:37","modified_gmt":"2025-08-20T22:11:37","slug":"minitejo-femenino","status":"publish","type":"page","link":"https:\/\/juegos.comfasucre.com\/index.php\/minitejo-femenino\/","title":{"rendered":"MINITEJO FEMENINO"},"content":{"rendered":"<p>&nbsp;<\/p>\n<table width=\"632\">\n<tbody>\n<tr>\n<td style=\"background: #7fc90d;\" colspan=\"3\" width=\"632\"><strong>FINAL MINI TEJO FEMENINO<\/strong><\/td>\n<\/tr>\n<tr>\n<td style=\"background: #0358ad; color: white;\"><strong>PUESTO<\/strong><\/td>\n<td style=\"background: #0358ad; color: white;\"><strong>CAJA DE COMPENSACION\u00a0<\/strong><\/td>\n<\/tr>\n<tr>\n<td><strong>1<\/strong><\/td>\n<td>COMFENALCO ANTIOQUIA<\/td>\n<\/tr>\n<tr>\n<td><strong>2<\/strong><\/td>\n<td>COMFANORTE<\/td>\n<\/tr>\n<tr>\n<td><strong>3<\/strong><\/td>\n<td>SUPERSUBSIDIO<\/td>\n<\/tr>\n<\/tbody>\n<\/table>\n<table width=\"632\">\n<tbody>\n<tr>\n<td style=\"background: #7fc90d;\" colspan=\"3\" width=\"632\"><strong>FINAL INDIVIDUALES MINI TEJO FEMENINO<\/strong><\/td>\n<\/tr>\n<tr>\n<td style=\"background: #0358ad; color: white;\"><strong>PUESTO<\/strong><\/td>\n<td style=\"background: #0358ad; color: white;\"><strong>NOMBRE<\/strong><\/td>\n<td style=\"background: #0358ad; color: white;\"><strong>CAJA DE COMPENSACION\u00a0<\/strong><\/td>\n<\/tr>\n<tr>\n<td><strong>CAMPE\u00d3N MANOS<\/strong><\/td>\n<td>YOLANDA MORA<\/td>\n<td>COMFREM<\/td>\n<\/tr>\n<tr>\n<td><strong>CAMPE\u00d3N MECHAS<\/strong><\/td>\n<td>SELMIRA SONER<\/td>\n<td>COFREM<\/td>\n<\/tr>\n<tr>\n<td><strong>CAMPE\u00d3N BOCIN<\/strong><\/td>\n<td>ANA BASQUEZ<\/td>\n<td>COMFATOLIMA<\/td>\n<\/tr>\n<tr>\n<td><strong>CAMPE\u00d3N MO\u00d1ONA<\/strong><\/td>\n<td>ANGELA RIVERA<\/td>\n<td>COMFABOY<\/td>\n<\/tr>\n<tr>\n<td><strong>CAMPE\u00d3N PUNTOS<\/strong><\/td>\n<td>YOLANDA MORA<\/td>\n<td>COMFREM<\/td>\n<\/tr>\n<\/tbody>\n<\/table>\n","protected":false},"excerpt":{"rendered":"<p>&nbsp; FINAL MINI TEJO FEMENINO PUESTO CAJA DE COMPENSACION\u00a0 1 COMFENALCO ANTIOQUIA 2 COMFANORTE 3 SUPERSUBSIDIO FINAL INDIVIDUALES MINI TEJO FEMENINO PUESTO NOMBRE CAJA DE COMPENSACION\u00a0 CAMPE\u00d3N MANOS YOLANDA MORA COMFREM CAMPE\u00d3N MECHAS SELMIRA SONER COFREM CAMPE\u00d3N BOCIN ANA BASQUEZ COMFATOLIMA CAMPE\u00d3N MO\u00d1ONA ANGELA RIVERA COMFABOY CAMPE\u00d3N PUNTOS YOLANDA MORA COMFREM<\/p>\n","protected":false},"author":2,"featured_media":0,"parent":0,"menu_order":0,"comment_status":"closed","ping_status":"closed","template":"","meta":{"footnotes":""},"class_list":["post-440","page","type-page","status-publish","hentry"],"_links":{"self":[{"href":"https:\/\/juegos.comfasucre.com\/index.php\/wp-json\/wp\/v2\/pages\/440","targetHints":{"allow":["GET"]}}],"collection":[{"href":"https:\/\/juegos.comfasucre.com\/index.php\/wp-json\/wp\/v2\/pages"}],"about":[{"href":"https:\/\/juegos.comfasucre.com\/index.php\/wp-json\/wp\/v2\/types\/page"}],"author":[{"embeddable":true,"href":"https:\/\/juegos.comfasucre.com\/index.php\/wp-json\/wp\/v2\/users\/2"}],"replies":[{"embeddable":true,"href":"https:\/\/juegos.comfasucre.com\/index.php\/wp-json\/wp\/v2\/comments?post=440"}],"version-history":[{"count":6,"href":"https:\/\/juegos.comfasucre.com\/index.php\/wp-json\/wp\/v2\/pages\/440\/revisions"}],"predecessor-version":[{"id":2003,"href":"https:\/\/juegos.comfasucre.com\/index.php\/wp-json\/wp\/v2\/pages\/440\/revisions\/2003"}],"wp:attachment":[{"href":"https:\/\/juegos.comfasucre.com\/index.php\/wp-json\/wp\/v2\/media?parent=440"}],"curies":[{"name":"wp","href":"https:\/\/api.w.org\/{rel}","templated":true}]}}