{"id":762,"date":"2025-08-11T10:48:05","date_gmt":"2025-08-11T15:48:05","guid":{"rendered":"https:\/\/juegos.comfasucre.com\/?page_id=762"},"modified":"2025-08-11T11:17:11","modified_gmt":"2025-08-11T16:17:11","slug":"programacion-futbol-de-salon-masculino","status":"publish","type":"page","link":"https:\/\/juegos.comfasucre.com\/index.php\/programacion-futbol-de-salon-masculino\/","title":{"rendered":"PROGRAMACION FUTBOL DE SALON MASCULINO"},"content":{"rendered":"<p><a href=\"https:\/\/juegos.comfasucre.com\/wp-content\/uploads\/2025\/08\/PROGRAMACION-DEPORTIVA-JUEGOS-INTERCAJAS-COMFASUCRE-2025.pdf\" target=\"_blank\" rel=\"noopener\">PROGRAMACION XXIII JUEGOS NACIONALES INTERCAJAS DE LA CONFRATERNIDAD COMFASUCRE 2025<\/a><\/p>\n<div class=\"sportspress\"><div class=\"sp-template sp-template-event-list\">\n\t\t\t<h4 class=\"sp-table-caption\">PROGRAMACI\u00d3N F\u00daTBOL DE SAL\u00d3N MASCULINO<\/h4>\n\t\t<div class=\"sp-table-wrapper\">\n\t\t<table class=\"sp-event-list sp-event-list-format-homeaway sp-data-table\n\t\t\t\t\t\t\t\t\t\t\t\t\t\t\t\t\t\t\t\t sp-paginated-table\n\t\t\t\t\t\t\t\t\t\t\t\t\t\t\t\t\t\t \t\t\t sp-sortable-table\n\t\t\t\t\t\t\t\t\t\t\t\t\t\t\t\t\t\t \t\t\t\t\t\t\t\t\t\t\t\t\t sp-scrollable-table \" data-sp-rows=\"50\">\n\t\t\t<thead>\n\t\t\t\t<tr>\n\t\t\t\t\t<th class=\"data-date\">Fecha<\/th><th class=\"data-home\">Local<\/th><th class=\"data-results\">Resultado<\/th><th class=\"data-away\">Visitante<\/th><th class=\"data-time\">Hora<\/th><th class=\"data-venue\">Escenario<\/th>\t\t\t\t<\/tr>\n\t\t\t<\/thead>\n\t\t\t<tbody>\n\t\t\t\t<tr class=\"sp-row sp-post alternate sp-row-no-0\" itemscope itemtype=\"http:\/\/schema.org\/SportsEvent\"><td class=\"data-date\" itemprop=\"startDate\" content=\"2025-08-14T15:00:54-05:00\" data-label=\"Fecha\"><a href=\"https:\/\/juegos.comfasucre.com\/index.php\/event\/comfamiliar-narino-vs-comfenalco-antioquia\/\" itemprop=\"url\"><date>2025-08-14 15:00:54<\/date>14 agosto, 2025<\/a><\/td><td class=\"data-home has-logo has-logo\" itemprop=\"competitor\" itemscope itemtype=\"http:\/\/schema.org\/SportsTeam\" data-label=\"Local\">COMFAMILIAR NARI\u00d1O <span class=\"team-logo\"><img loading=\"lazy\" decoding=\"async\" width=\"32\" height=\"32\" src=\"https:\/\/juegos.comfasucre.com\/wp-content\/uploads\/2025\/05\/COMFAMILIAR_NARINO-32x32.png\" class=\"attachment-sportspress-fit-mini size-sportspress-fit-mini wp-post-image\" alt=\"\" \/><\/span><\/td><td class=\"data-results\" data-label=\"Resultado\"><a href=\"https:\/\/juegos.comfasucre.com\/index.php\/event\/comfamiliar-narino-vs-comfenalco-antioquia\/\" itemprop=\"url\">2 - 3<\/a><\/td><td class=\"data-away has-logo has-logo\" itemprop=\"competitor\" itemscope itemtype=\"http:\/\/schema.org\/SportsTeam\" data-label=\"Visitante\"><span class=\"team-logo\"><img loading=\"lazy\" decoding=\"async\" width=\"32\" height=\"32\" src=\"https:\/\/juegos.comfasucre.com\/wp-content\/uploads\/2025\/05\/COMFENALCO_ANTIOQUIA-32x32.jpg\" class=\"attachment-sportspress-fit-mini size-sportspress-fit-mini wp-post-image\" alt=\"\" \/><\/span> COMFENALCO ANTIOQUIA<\/td><td class=\"data-time ok\" data-label=\"Hora\"><a href=\"https:\/\/juegos.comfasucre.com\/index.php\/event\/comfamiliar-narino-vs-comfenalco-antioquia\/\" itemprop=\"url\"><date>&nbsp;15:00:54<\/date>3:00 pm<\/a><\/td><td class=\"data-venue\" data-label=\"Escenario\" itemprop=\"location\" itemscope itemtype=\"http:\/\/schema.org\/Place\"><div itemprop=\"address\" itemscope itemtype=\"http:\/\/schema.org\/PostalAddress\">Sint\u00e9tica No 1.<\/div><\/td><\/tr><tr class=\"sp-row sp-post sp-row-no-1\" itemscope itemtype=\"http:\/\/schema.org\/SportsEvent\"><td class=\"data-date\" itemprop=\"startDate\" content=\"2025-08-15T10:00:44-05:00\" data-label=\"Fecha\"><a href=\"https:\/\/juegos.comfasucre.com\/index.php\/event\/cofrem-vs-comfenalco-cartagena\/\" itemprop=\"url\"><date>2025-08-15 10:00:44<\/date>15 agosto, 2025<\/a><\/td><td class=\"data-home has-logo has-logo\" itemprop=\"competitor\" itemscope itemtype=\"http:\/\/schema.org\/SportsTeam\" data-label=\"Local\">COFREM <span class=\"team-logo\"><img loading=\"lazy\" decoding=\"async\" width=\"32\" height=\"32\" src=\"https:\/\/juegos.comfasucre.com\/wp-content\/uploads\/2025\/05\/COFERM-32x32.jpeg\" class=\"attachment-sportspress-fit-mini size-sportspress-fit-mini wp-post-image\" alt=\"\" \/><\/span><\/td><td class=\"data-results\" data-label=\"Resultado\"><a href=\"https:\/\/juegos.comfasucre.com\/index.php\/event\/cofrem-vs-comfenalco-cartagena\/\" itemprop=\"url\">0 - 2<\/a><\/td><td class=\"data-away has-logo has-logo\" itemprop=\"competitor\" itemscope itemtype=\"http:\/\/schema.org\/SportsTeam\" data-label=\"Visitante\"><span class=\"team-logo\"><img loading=\"lazy\" decoding=\"async\" width=\"32\" height=\"32\" src=\"https:\/\/juegos.comfasucre.com\/wp-content\/uploads\/2025\/05\/COMFENALCO-CARTAGENA-32x32.jpg\" class=\"attachment-sportspress-fit-mini size-sportspress-fit-mini wp-post-image\" alt=\"\" \/><\/span> COMFENALCO CARTAGENA<\/td><td class=\"data-time ok\" data-label=\"Hora\"><a href=\"https:\/\/juegos.comfasucre.com\/index.php\/event\/cofrem-vs-comfenalco-cartagena\/\" itemprop=\"url\"><date>&nbsp;10:00:44<\/date>10:00 am<\/a><\/td><td class=\"data-venue\" data-label=\"Escenario\" itemprop=\"location\" itemscope itemtype=\"http:\/\/schema.org\/Place\"><div itemprop=\"address\" itemscope itemtype=\"http:\/\/schema.org\/PostalAddress\">Sint\u00e9tica No 1.<\/div><\/td><\/tr><tr class=\"sp-row sp-post alternate sp-row-no-2\" itemscope itemtype=\"http:\/\/schema.org\/SportsEvent\"><td class=\"data-date\" itemprop=\"startDate\" content=\"2025-08-15T11:00:44-05:00\" data-label=\"Fecha\"><a href=\"https:\/\/juegos.comfasucre.com\/index.php\/event\/comfamiliar-huila-vs-cajasan\/\" itemprop=\"url\"><date>2025-08-15 11:00:44<\/date>15 agosto, 2025<\/a><\/td><td class=\"data-home has-logo has-logo\" itemprop=\"competitor\" itemscope itemtype=\"http:\/\/schema.org\/SportsTeam\" data-label=\"Local\">COMFAMILIAR HUILA <span class=\"team-logo\"><img loading=\"lazy\" decoding=\"async\" width=\"32\" height=\"32\" src=\"https:\/\/juegos.comfasucre.com\/wp-content\/uploads\/2025\/05\/COMFAMILIAR_HUILA-32x32.png\" class=\"attachment-sportspress-fit-mini size-sportspress-fit-mini wp-post-image\" alt=\"\" \/><\/span><\/td><td class=\"data-results\" data-label=\"Resultado\"><a href=\"https:\/\/juegos.comfasucre.com\/index.php\/event\/comfamiliar-huila-vs-cajasan\/\" itemprop=\"url\">4 - 2<\/a><\/td><td class=\"data-away has-logo has-logo\" itemprop=\"competitor\" itemscope itemtype=\"http:\/\/schema.org\/SportsTeam\" data-label=\"Visitante\"><span class=\"team-logo\"><img loading=\"lazy\" decoding=\"async\" width=\"32\" height=\"23\" src=\"https:\/\/juegos.comfasucre.com\/wp-content\/uploads\/2025\/05\/CAJASAN-32x23.jpeg\" class=\"attachment-sportspress-fit-mini size-sportspress-fit-mini wp-post-image\" alt=\"\" \/><\/span> CAJASAN<\/td><td class=\"data-time ok\" data-label=\"Hora\"><a href=\"https:\/\/juegos.comfasucre.com\/index.php\/event\/comfamiliar-huila-vs-cajasan\/\" itemprop=\"url\"><date>&nbsp;11:00:44<\/date>11:00 am<\/a><\/td><td class=\"data-venue\" data-label=\"Escenario\" itemprop=\"location\" itemscope itemtype=\"http:\/\/schema.org\/Place\"><div itemprop=\"address\" itemscope itemtype=\"http:\/\/schema.org\/PostalAddress\">Sint\u00e9tica No 1.<\/div><\/td><\/tr><tr class=\"sp-row sp-post sp-row-no-3\" itemscope itemtype=\"http:\/\/schema.org\/SportsEvent\"><td class=\"data-date\" itemprop=\"startDate\" content=\"2025-08-15T12:00:29-05:00\" data-label=\"Fecha\"><a href=\"https:\/\/juegos.comfasucre.com\/index.php\/event\/compensar-vs-comfenalco-tolima\/\" itemprop=\"url\"><date>2025-08-15 12:00:29<\/date>15 agosto, 2025<\/a><\/td><td class=\"data-home has-logo has-logo\" itemprop=\"competitor\" itemscope itemtype=\"http:\/\/schema.org\/SportsTeam\" data-label=\"Local\">COMPENSAR <span class=\"team-logo\"><img loading=\"lazy\" decoding=\"async\" width=\"32\" height=\"17\" src=\"https:\/\/juegos.comfasucre.com\/wp-content\/uploads\/2025\/08\/COMPENSAR-32x17.jpg\" class=\"attachment-sportspress-fit-mini size-sportspress-fit-mini wp-post-image\" alt=\"\" \/><\/span><\/td><td class=\"data-results\" data-label=\"Resultado\"><a href=\"https:\/\/juegos.comfasucre.com\/index.php\/event\/compensar-vs-comfenalco-tolima\/\" itemprop=\"url\">4 - 4<\/a><\/td><td class=\"data-away has-logo has-logo\" itemprop=\"competitor\" itemscope itemtype=\"http:\/\/schema.org\/SportsTeam\" data-label=\"Visitante\"><span class=\"team-logo\"><img loading=\"lazy\" decoding=\"async\" width=\"32\" height=\"32\" src=\"https:\/\/juegos.comfasucre.com\/wp-content\/uploads\/2025\/05\/COMFENALCO_ANTIOQUIA-32x32.jpg\" class=\"attachment-sportspress-fit-mini size-sportspress-fit-mini wp-post-image\" alt=\"\" \/><\/span> COMFENALCO ANTIOQUIA<\/td><td class=\"data-time ok\" data-label=\"Hora\"><a href=\"https:\/\/juegos.comfasucre.com\/index.php\/event\/compensar-vs-comfenalco-tolima\/\" itemprop=\"url\"><date>&nbsp;12:00:29<\/date>12:00 pm<\/a><\/td><td class=\"data-venue\" data-label=\"Escenario\" itemprop=\"location\" itemscope itemtype=\"http:\/\/schema.org\/Place\"><div itemprop=\"address\" itemscope itemtype=\"http:\/\/schema.org\/PostalAddress\">Sint\u00e9tica No 1.<\/div><\/td><\/tr><tr class=\"sp-row sp-post alternate sp-row-no-4\" itemscope itemtype=\"http:\/\/schema.org\/SportsEvent\"><td class=\"data-date\" itemprop=\"startDate\" content=\"2025-08-15T15:00:16-05:00\" data-label=\"Fecha\"><a href=\"https:\/\/juegos.comfasucre.com\/index.php\/event\/cofrem-vs-cajasan\/\" itemprop=\"url\"><date>2025-08-15 15:00:16<\/date>15 agosto, 2025<\/a><\/td><td class=\"data-home has-logo has-logo\" itemprop=\"competitor\" itemscope itemtype=\"http:\/\/schema.org\/SportsTeam\" data-label=\"Local\">COFREM <span class=\"team-logo\"><img loading=\"lazy\" decoding=\"async\" width=\"32\" height=\"32\" src=\"https:\/\/juegos.comfasucre.com\/wp-content\/uploads\/2025\/05\/COFERM-32x32.jpeg\" class=\"attachment-sportspress-fit-mini size-sportspress-fit-mini wp-post-image\" alt=\"\" \/><\/span><\/td><td class=\"data-results\" data-label=\"Resultado\"><a href=\"https:\/\/juegos.comfasucre.com\/index.php\/event\/cofrem-vs-cajasan\/\" itemprop=\"url\">1 - 6<\/a><\/td><td class=\"data-away has-logo has-logo\" itemprop=\"competitor\" itemscope itemtype=\"http:\/\/schema.org\/SportsTeam\" data-label=\"Visitante\"><span class=\"team-logo\"><img loading=\"lazy\" decoding=\"async\" width=\"32\" height=\"23\" src=\"https:\/\/juegos.comfasucre.com\/wp-content\/uploads\/2025\/05\/CAJASAN-32x23.jpeg\" class=\"attachment-sportspress-fit-mini size-sportspress-fit-mini wp-post-image\" alt=\"\" \/><\/span> CAJASAN<\/td><td class=\"data-time ok\" data-label=\"Hora\"><a href=\"https:\/\/juegos.comfasucre.com\/index.php\/event\/cofrem-vs-cajasan\/\" itemprop=\"url\"><date>&nbsp;15:00:16<\/date>3:00 pm<\/a><\/td><td class=\"data-venue\" data-label=\"Escenario\" itemprop=\"location\" itemscope itemtype=\"http:\/\/schema.org\/Place\"><div itemprop=\"address\" itemscope itemtype=\"http:\/\/schema.org\/PostalAddress\">Sint\u00e9tica No 1.<\/div><\/td><\/tr><tr class=\"sp-row sp-post sp-row-no-5\" itemscope itemtype=\"http:\/\/schema.org\/SportsEvent\"><td class=\"data-date\" itemprop=\"startDate\" content=\"2025-08-15T16:00:02-05:00\" data-label=\"Fecha\"><a href=\"https:\/\/juegos.comfasucre.com\/index.php\/event\/comfamiliar-huila-vs-comfenalco-cartagena\/\" itemprop=\"url\"><date>2025-08-15 16:00:02<\/date>15 agosto, 2025<\/a><\/td><td class=\"data-home has-logo has-logo\" itemprop=\"competitor\" itemscope itemtype=\"http:\/\/schema.org\/SportsTeam\" data-label=\"Local\">COMFAMILIAR HUILA <span class=\"team-logo\"><img loading=\"lazy\" decoding=\"async\" width=\"32\" height=\"32\" src=\"https:\/\/juegos.comfasucre.com\/wp-content\/uploads\/2025\/05\/COMFAMILIAR_HUILA-32x32.png\" class=\"attachment-sportspress-fit-mini size-sportspress-fit-mini wp-post-image\" alt=\"\" \/><\/span><\/td><td class=\"data-results\" data-label=\"Resultado\"><a href=\"https:\/\/juegos.comfasucre.com\/index.php\/event\/comfamiliar-huila-vs-comfenalco-cartagena\/\" itemprop=\"url\">3 - 3<\/a><\/td><td class=\"data-away has-logo has-logo\" itemprop=\"competitor\" itemscope itemtype=\"http:\/\/schema.org\/SportsTeam\" data-label=\"Visitante\"><span class=\"team-logo\"><img loading=\"lazy\" decoding=\"async\" width=\"32\" height=\"32\" src=\"https:\/\/juegos.comfasucre.com\/wp-content\/uploads\/2025\/05\/COMFENALCO-CARTAGENA-32x32.jpg\" class=\"attachment-sportspress-fit-mini size-sportspress-fit-mini wp-post-image\" alt=\"\" \/><\/span> COMFENALCO CARTAGENA<\/td><td class=\"data-time ok\" data-label=\"Hora\"><a href=\"https:\/\/juegos.comfasucre.com\/index.php\/event\/comfamiliar-huila-vs-comfenalco-cartagena\/\" itemprop=\"url\"><date>&nbsp;16:00:02<\/date>4:00 pm<\/a><\/td><td class=\"data-venue\" data-label=\"Escenario\" itemprop=\"location\" itemscope itemtype=\"http:\/\/schema.org\/Place\"><div itemprop=\"address\" itemscope itemtype=\"http:\/\/schema.org\/PostalAddress\">Sint\u00e9tica No 1.<\/div><\/td><\/tr><tr class=\"sp-row sp-post alternate sp-row-no-6\" itemscope itemtype=\"http:\/\/schema.org\/SportsEvent\"><td class=\"data-date\" itemprop=\"startDate\" content=\"2025-08-16T10:00:44-05:00\" data-label=\"Fecha\"><a href=\"https:\/\/juegos.comfasucre.com\/index.php\/event\/cofrem-vs-comfamiliar-huila\/\" itemprop=\"url\"><date>2025-08-16 10:00:44<\/date>16 agosto, 2025<\/a><\/td><td class=\"data-home has-logo has-logo\" itemprop=\"competitor\" itemscope itemtype=\"http:\/\/schema.org\/SportsTeam\" data-label=\"Local\">COFREM <span class=\"team-logo\"><img loading=\"lazy\" decoding=\"async\" width=\"32\" height=\"32\" src=\"https:\/\/juegos.comfasucre.com\/wp-content\/uploads\/2025\/05\/COFERM-32x32.jpeg\" class=\"attachment-sportspress-fit-mini size-sportspress-fit-mini wp-post-image\" alt=\"\" \/><\/span><\/td><td class=\"data-results\" data-label=\"Resultado\"><a href=\"https:\/\/juegos.comfasucre.com\/index.php\/event\/cofrem-vs-comfamiliar-huila\/\" itemprop=\"url\">3 - 5<\/a><\/td><td class=\"data-away has-logo has-logo\" itemprop=\"competitor\" itemscope itemtype=\"http:\/\/schema.org\/SportsTeam\" data-label=\"Visitante\"><span class=\"team-logo\"><img loading=\"lazy\" decoding=\"async\" width=\"32\" height=\"32\" src=\"https:\/\/juegos.comfasucre.com\/wp-content\/uploads\/2025\/05\/COMFAMILIAR_HUILA-32x32.png\" class=\"attachment-sportspress-fit-mini size-sportspress-fit-mini wp-post-image\" alt=\"\" \/><\/span> COMFAMILIAR HUILA<\/td><td class=\"data-time ok\" data-label=\"Hora\"><a href=\"https:\/\/juegos.comfasucre.com\/index.php\/event\/cofrem-vs-comfamiliar-huila\/\" itemprop=\"url\"><date>&nbsp;10:00:44<\/date>10:00 am<\/a><\/td><td class=\"data-venue\" data-label=\"Escenario\" itemprop=\"location\" itemscope itemtype=\"http:\/\/schema.org\/Place\"><div itemprop=\"address\" itemscope itemtype=\"http:\/\/schema.org\/PostalAddress\">Sint\u00e9tica No 1.<\/div><\/td><\/tr><tr class=\"sp-row sp-post sp-row-no-7\" itemscope itemtype=\"http:\/\/schema.org\/SportsEvent\"><td class=\"data-date\" itemprop=\"startDate\" content=\"2025-08-16T11:00:30-05:00\" data-label=\"Fecha\"><a href=\"https:\/\/juegos.comfasucre.com\/index.php\/event\/cajasan-vs-comfenalco-cartagena\/\" itemprop=\"url\"><date>2025-08-16 11:00:30<\/date>16 agosto, 2025<\/a><\/td><td class=\"data-home has-logo has-logo\" itemprop=\"competitor\" itemscope itemtype=\"http:\/\/schema.org\/SportsTeam\" data-label=\"Local\">CAJASAN <span class=\"team-logo\"><img loading=\"lazy\" decoding=\"async\" width=\"32\" height=\"23\" src=\"https:\/\/juegos.comfasucre.com\/wp-content\/uploads\/2025\/05\/CAJASAN-32x23.jpeg\" class=\"attachment-sportspress-fit-mini size-sportspress-fit-mini wp-post-image\" alt=\"\" \/><\/span><\/td><td class=\"data-results\" data-label=\"Resultado\"><a href=\"https:\/\/juegos.comfasucre.com\/index.php\/event\/cajasan-vs-comfenalco-cartagena\/\" itemprop=\"url\">3 - 5<\/a><\/td><td class=\"data-away has-logo has-logo\" itemprop=\"competitor\" itemscope itemtype=\"http:\/\/schema.org\/SportsTeam\" data-label=\"Visitante\"><span class=\"team-logo\"><img loading=\"lazy\" decoding=\"async\" width=\"32\" height=\"32\" src=\"https:\/\/juegos.comfasucre.com\/wp-content\/uploads\/2025\/05\/COMFENALCO-CARTAGENA-32x32.jpg\" class=\"attachment-sportspress-fit-mini size-sportspress-fit-mini wp-post-image\" alt=\"\" \/><\/span> COMFENALCO CARTAGENA<\/td><td class=\"data-time ok\" data-label=\"Hora\"><a href=\"https:\/\/juegos.comfasucre.com\/index.php\/event\/cajasan-vs-comfenalco-cartagena\/\" itemprop=\"url\"><date>&nbsp;11:00:30<\/date>11:00 am<\/a><\/td><td class=\"data-venue\" data-label=\"Escenario\" itemprop=\"location\" itemscope itemtype=\"http:\/\/schema.org\/Place\"><div itemprop=\"address\" itemscope itemtype=\"http:\/\/schema.org\/PostalAddress\">Sint\u00e9tica No 1.<\/div><\/td><\/tr><tr class=\"sp-row sp-post alternate sp-row-no-8\" itemscope itemtype=\"http:\/\/schema.org\/SportsEvent\"><td class=\"data-date\" itemprop=\"startDate\" content=\"2025-08-16T12:00:24-05:00\" data-label=\"Fecha\"><a href=\"https:\/\/juegos.comfasucre.com\/index.php\/event\/comfamiliar-narino-vs-compensar\/\" itemprop=\"url\"><date>2025-08-16 12:00:24<\/date>16 agosto, 2025<\/a><\/td><td class=\"data-home has-logo has-logo\" itemprop=\"competitor\" itemscope itemtype=\"http:\/\/schema.org\/SportsTeam\" data-label=\"Local\">COMFAMILIAR NARI\u00d1O <span class=\"team-logo\"><img loading=\"lazy\" decoding=\"async\" width=\"32\" height=\"32\" src=\"https:\/\/juegos.comfasucre.com\/wp-content\/uploads\/2025\/05\/COMFAMILIAR_NARINO-32x32.png\" class=\"attachment-sportspress-fit-mini size-sportspress-fit-mini wp-post-image\" alt=\"\" \/><\/span><\/td><td class=\"data-results\" data-label=\"Resultado\"><a href=\"https:\/\/juegos.comfasucre.com\/index.php\/event\/comfamiliar-narino-vs-compensar\/\" itemprop=\"url\">4 - 5<\/a><\/td><td class=\"data-away has-logo has-logo\" itemprop=\"competitor\" itemscope itemtype=\"http:\/\/schema.org\/SportsTeam\" data-label=\"Visitante\"><span class=\"team-logo\"><img loading=\"lazy\" decoding=\"async\" width=\"32\" height=\"17\" src=\"https:\/\/juegos.comfasucre.com\/wp-content\/uploads\/2025\/08\/COMPENSAR-32x17.jpg\" class=\"attachment-sportspress-fit-mini size-sportspress-fit-mini wp-post-image\" alt=\"\" \/><\/span> COMPENSAR<\/td><td class=\"data-time ok\" data-label=\"Hora\"><a href=\"https:\/\/juegos.comfasucre.com\/index.php\/event\/comfamiliar-narino-vs-compensar\/\" itemprop=\"url\"><date>&nbsp;12:00:24<\/date>12:00 pm<\/a><\/td><td class=\"data-venue\" data-label=\"Escenario\" itemprop=\"location\" itemscope itemtype=\"http:\/\/schema.org\/Place\"><div itemprop=\"address\" itemscope itemtype=\"http:\/\/schema.org\/PostalAddress\">Sint\u00e9tica No 1.<\/div><\/td><\/tr><tr class=\"sp-row sp-post sp-row-no-9\" itemscope itemtype=\"http:\/\/schema.org\/SportsEvent\"><td class=\"data-date\" itemprop=\"startDate\" content=\"2025-08-16T15:30:00-05:00\" data-label=\"Fecha\"><a href=\"https:\/\/juegos.comfasucre.com\/index.php\/event\/match-9\/\" itemprop=\"url\"><date>2025-08-16 15:30:00<\/date>16 agosto, 2025<\/a><\/td><td class=\"data-home\" itemprop=\"competitor\" itemscope itemtype=\"http:\/\/schema.org\/SportsTeam\" data-label=\"Local\">PROGRAMACION FUTBOL DE SALON MASCULINO<\/td><td class=\"data-results\" data-label=\"Resultado\"><a href=\"https:\/\/juegos.comfasucre.com\/index.php\/event\/match-9\/\" itemprop=\"url\">-<\/a><\/td><td class=\"data-away\" itemprop=\"competitor\" itemscope itemtype=\"http:\/\/schema.org\/SportsTeam\" data-label=\"Visitante\">PROGRAMACION FUTBOL DE SALON MASCULINO<\/td><td class=\"data-time ok\" data-label=\"Hora\"><a href=\"https:\/\/juegos.comfasucre.com\/index.php\/event\/match-9\/\" itemprop=\"url\"><date>&nbsp;15:30:00<\/date>3:30 pm<\/a><\/td><td class=\"data-venue\" data-label=\"Escenario\" itemprop=\"location\" itemscope itemtype=\"http:\/\/schema.org\/Place\"><div itemprop=\"address\" itemscope itemtype=\"http:\/\/schema.org\/PostalAddress\">Sint\u00e9tica No 1.<\/div><\/td><\/tr><tr class=\"sp-row sp-post alternate sp-row-no-10\" itemscope itemtype=\"http:\/\/schema.org\/SportsEvent\"><td class=\"data-date\" itemprop=\"startDate\" content=\"2025-08-16T16:30:00-05:00\" data-label=\"Fecha\"><a href=\"https:\/\/juegos.comfasucre.com\/index.php\/event\/match-10\/\" itemprop=\"url\"><date>2025-08-16 16:30:00<\/date>16 agosto, 2025<\/a><\/td><td class=\"data-home\" itemprop=\"competitor\" itemscope itemtype=\"http:\/\/schema.org\/SportsTeam\" data-label=\"Local\">PROGRAMACION FUTBOL DE SALON MASCULINO<\/td><td class=\"data-results\" data-label=\"Resultado\"><a href=\"https:\/\/juegos.comfasucre.com\/index.php\/event\/match-10\/\" itemprop=\"url\">-<\/a><\/td><td class=\"data-away\" itemprop=\"competitor\" itemscope itemtype=\"http:\/\/schema.org\/SportsTeam\" data-label=\"Visitante\">PROGRAMACION FUTBOL DE SALON MASCULINO<\/td><td class=\"data-time ok\" data-label=\"Hora\"><a href=\"https:\/\/juegos.comfasucre.com\/index.php\/event\/match-10\/\" itemprop=\"url\"><date>&nbsp;16:30:00<\/date>4:30 pm<\/a><\/td><td class=\"data-venue\" data-label=\"Escenario\" itemprop=\"location\" itemscope itemtype=\"http:\/\/schema.org\/Place\"><div itemprop=\"address\" itemscope itemtype=\"http:\/\/schema.org\/PostalAddress\">Sint\u00e9tica No 1.<\/div><\/td><\/tr>\t\t\t<\/tbody>\n\t\t<\/table>\n\t<\/div>\n\t<\/div>\n<\/div>\n<p><em>Se jugar\u00e1 todos contra todos por grupos, clasificando los dos primeros equipos, que jugaran 1.A vs 2B y 1B vs 2A<\/em><\/p>\n<div class=\"sportspress\"><h4 class=\"sp-table-caption\">ELIMINACIONES F\u00daTBOL DE SAL\u00d3N MASCULINO<\/h4>\t\t<div class=\"sp-template sp-template-tournament-bracket sp-tournament-bracket-single\">\n\t\t\t<table class=\"sp-data-table sp-tournament-bracket sp-scrollable-table\">\n\t<thead>\n\t\t<tr>\n\t\t\t\t\t\t\t<th>\n\t\t\t\t\tSEMIFINAL \t\t\t\t<\/th>\n\t\t\t\t\t\t\t<th>\n\t\t\t\t\tFINAL\t\t\t\t<\/th>\n\t\t\t\t\t<\/tr>\n\t<\/thead>\n\t<tbody>\n\t\t\t\t\t<tr>\n\t\t\t\t<td rowspan=\"1\" class=\"sp-team sp-home-team sp-first-round\"><span class=\"sp-team-name sp-highlight\">&nbsp;<\/span><\/td><td rowspan=\"2\">&nbsp;<\/td>\t\t\t<\/tr>\n\t\t\t\t\t<tr>\n\t\t\t\t<td rowspan=\"3\" class=\"sp-event sp-first-round \"><a href=\"https:\/\/juegos.comfasucre.com\/index.php\/event\/match-9\/\" class=\"sp-event-title\" title=\"Match\"><div class=\"sp-event-date\">16 agosto, 2025<\/div><div class=\"sp-event-main\"><span class=\"sp-result\">3:30 pm<\/span><\/div><\/a><\/td>\t\t\t<\/tr>\n\t\t\t\t\t<tr>\n\t\t\t\t<td rowspan=\"1\" class=\"sp-team sp-home-team sp-last-round\"><span class=\"sp-team-name sp-highlight\">&nbsp;<\/span><\/td>\t\t\t<\/tr>\n\t\t\t\t\t<tr>\n\t\t\t\t<td rowspan=\"5\" class=\"sp-event sp-last-round sp-event-final\"><span class=\"sp-event-title\" title=\"Partido\">&nbsp;<\/span><\/td>\t\t\t<\/tr>\n\t\t\t\t\t<tr>\n\t\t\t\t<td rowspan=\"1\" class=\"sp-team sp-away-team sp-first-round\"><span class=\"sp-team-name sp-highlight\">&nbsp;<\/span><\/td>\t\t\t<\/tr>\n\t\t\t\t\t<tr>\n\t\t\t\t<td rowspan=\"1\">&nbsp;<\/td>\t\t\t<\/tr>\n\t\t\t\t\t<tr>\n\t\t\t\t<td rowspan=\"1\" class=\"sp-team sp-home-team sp-first-round\"><span class=\"sp-team-name sp-highlight\">&nbsp;<\/span><\/td>\t\t\t<\/tr>\n\t\t\t\t\t<tr>\n\t\t\t\t<td rowspan=\"3\" class=\"sp-event sp-first-round \"><a href=\"https:\/\/juegos.comfasucre.com\/index.php\/event\/match-10\/\" class=\"sp-event-title\" title=\"Match\"><div class=\"sp-event-date\">16 agosto, 2025<\/div><div class=\"sp-event-main\"><span class=\"sp-result\">4:30 pm<\/span><\/div><\/a><\/td>\t\t\t<\/tr>\n\t\t\t\t\t<tr>\n\t\t\t\t<td rowspan=\"1\" class=\"sp-team sp-away-team sp-last-round\"><span class=\"sp-team-name sp-highlight\">&nbsp;<\/span><\/td>\t\t\t<\/tr>\n\t\t\t\t\t<tr>\n\t\t\t\t<td rowspan=\"2\">&nbsp;<\/td>\t\t\t<\/tr>\n\t\t\t\t\t<tr>\n\t\t\t\t<td rowspan=\"1\" class=\"sp-team sp-away-team sp-first-round\"><span class=\"sp-team-name sp-highlight\">&nbsp;<\/span><\/td>\t\t\t<\/tr>\n\t\t\t<\/tbody>\n<\/table>\t\t<\/div>\n\t\t<\/div>\n","protected":false},"excerpt":{"rendered":"<p>PROGRAMACION XXIII JUEGOS NACIONALES INTERCAJAS DE LA CONFRATERNIDAD COMFASUCRE 2025 Se jugar\u00e1 todos contra todos por grupos, clasificando los dos primeros equipos, que jugaran 1.A vs 2B y 1B vs 2A<\/p>\n","protected":false},"author":2,"featured_media":0,"parent":0,"menu_order":0,"comment_status":"closed","ping_status":"closed","template":"","meta":{"footnotes":""},"class_list":["post-762","page","type-page","status-publish","hentry"],"_links":{"self":[{"href":"https:\/\/juegos.comfasucre.com\/index.php\/wp-json\/wp\/v2\/pages\/762","targetHints":{"allow":["GET"]}}],"collection":[{"href":"https:\/\/juegos.comfasucre.com\/index.php\/wp-json\/wp\/v2\/pages"}],"about":[{"href":"https:\/\/juegos.comfasucre.com\/index.php\/wp-json\/wp\/v2\/types\/page"}],"author":[{"embeddable":true,"href":"https:\/\/juegos.comfasucre.com\/index.php\/wp-json\/wp\/v2\/users\/2"}],"replies":[{"embeddable":true,"href":"https:\/\/juegos.comfasucre.com\/index.php\/wp-json\/wp\/v2\/comments?post=762"}],"version-history":[{"count":3,"href":"https:\/\/juegos.comfasucre.com\/index.php\/wp-json\/wp\/v2\/pages\/762\/revisions"}],"predecessor-version":[{"id":782,"href":"https:\/\/juegos.comfasucre.com\/index.php\/wp-json\/wp\/v2\/pages\/762\/revisions\/782"}],"wp:attachment":[{"href":"https:\/\/juegos.comfasucre.com\/index.php\/wp-json\/wp\/v2\/media?parent=762"}],"curies":[{"name":"wp","href":"https:\/\/api.w.org\/{rel}","templated":true}]}}